{"id":1281,"date":"2021-01-20T09:19:57","date_gmt":"2021-01-20T07:19:57","guid":{"rendered":"https:\/\/rivierastalis.gr\/faqs\/"},"modified":"2021-04-05T18:25:56","modified_gmt":"2021-04-05T15:25:56","slug":"faqs","status":"publish","type":"page","link":"https:\/\/rivierastalis.gr\/fr\/faqs\/","title":{"rendered":"FAQ"},"content":{"rendered":"\t\t<div data-elementor-type=\"wp-page\" data-elementor-id=\"1281\" class=\"elementor elementor-1281 elementor-572\" data-elementor-post-type=\"page\">\n\t\t\t\t\t\t<section class=\"premium-parallax-section-hide elementor-section elementor-top-section elementor-element elementor-element-ba61337 elementor-section-stretched elementor-section-height-min-height elementor-section-content-middle premium-parallax-yes elementor-section-full_width ang-section-padding-initial elementor-section-height-default elementor-section-items-middle elementor-repeater-item-none elementor-repeater-item-none_hover\" data-pa-parallax=\"{&quot;type&quot;:&quot;scroll-opacity&quot;,&quot;speed&quot;:0.5,&quot;android&quot;:1,&quot;ios&quot;:1,&quot;size&quot;:&quot;cover&quot;,&quot;repeat&quot;:&quot;no-repeat&quot;}\" data-id=\"ba61337\" data-element_type=\"section\" data-settings=\"{&quot;stretch_section&quot;:&quot;section-stretched&quot;,&quot;background_background&quot;:&quot;classic&quot;,&quot;shape_divider_bottom&quot;:&quot;curve&quot;}\">\n\t\t\t\t\t<div class=\"elementor-shape elementor-shape-bottom\" aria-hidden=\"true\" data-negative=\"false\">\n\t\t\t<svg xmlns=\"http:\/\/www.w3.org\/2000\/svg\" viewBox=\"0 0 1000 100\" preserveAspectRatio=\"none\">\n    <path class=\"elementor-shape-fill\" d=\"M1000,4.3V0H0v4.3C0.9,23.1,126.7,99.2,500,100S1000,22.7,1000,4.3z\"\/>\n<\/svg>\t\t<\/div>\n\t\t\t\t\t<div class=\"elementor-container elementor-column-gap-default\">\n\t\t\t\t\t<div class=\"elementor-column elementor-col-50 elementor-top-column elementor-element elementor-element-e93f0d4 elementor-hidden-phone elementor-repeater-item-none elementor-repeater-item-none_hover\" data-id=\"e93f0d4\" data-element_type=\"column\">\n\t\t\t<div class=\"elementor-widget-wrap\">\n\t\t\t\t\t\t\t<\/div>\n\t\t<\/div>\n\t\t\t\t<div class=\"elementor-column elementor-col-50 elementor-top-column elementor-element elementor-element-fa33cf5 elementor-repeater-item-none elementor-repeater-item-none_hover\" data-id=\"fa33cf5\" data-element_type=\"column\" data-settings=\"{&quot;background_background&quot;:&quot;classic&quot;}\">\n\t\t\t<div class=\"elementor-widget-wrap elementor-element-populated\">\n\t\t\t\t\t\t<div class=\"elementor-element elementor-element-df6e2b9 elementor-repeater-item-none elementor-repeater-item-none_hover elementor-widget elementor-widget-heading\" data-id=\"df6e2b9\" data-element_type=\"widget\" data-widget_type=\"heading.default\">\n\t\t\t\t<div class=\"elementor-widget-container\">\n\t\t\t\t\t<h4 class=\"elementor-heading-title elementor-size-default\">Questions fr\u00e9quemment demand\u00e9es<\/h4>\t\t\t\t<\/div>\n\t\t\t\t<\/div>\n\t\t\t\t<div class=\"elementor-element elementor-element-b2c6df2 elementor-widget-divider--view-line elementor-repeater-item-none elementor-repeater-item-none_hover elementor-widget elementor-widget-divider\" data-id=\"b2c6df2\" data-element_type=\"widget\" data-widget_type=\"divider.default\">\n\t\t\t\t<div class=\"elementor-widget-container\">\n\t\t\t\t\t\t\t<div class=\"elementor-divider\">\n\t\t\t<span class=\"elementor-divider-separator\">\n\t\t\t\t\t\t<\/span>\n\t\t<\/div>\n\t\t\t\t\t\t<\/div>\n\t\t\t\t<\/div>\n\t\t\t\t<div class=\"elementor-element elementor-element-f909832 premium-header-inline premium-lq__none premium-box-lq__none elementor-repeater-item-none elementor-repeater-item-none_hover elementor-widget elementor-widget-premium-addon-dual-header\" data-id=\"f909832\" data-element_type=\"widget\" data-widget_type=\"premium-addon-dual-header.default\">\n\t\t\t\t<div class=\"elementor-widget-container\">\n\t\t\t\t\t\n\t\t\t\t\t<h2 class=\"premium-dual-header-first-header \"><span class=\"premium-dual-header-first-span\">Riviera <\/span><span class=\"premium-dual-header-second-header \">boutique h\u00f4tel<\/span><\/h2> \t\t\n\t\t\t\t\t\t<\/div>\n\t\t\t\t<\/div>\n\t\t\t\t\t<\/div>\n\t\t<\/div>\n\t\t\t\t\t<\/div>\n\t\t<\/section>\n\t\t\t\t<section class=\"elementor-section elementor-top-section elementor-element elementor-element-4aa46c6 elementor-section-boxed ang-section-padding-initial elementor-section-height-default elementor-section-height-default elementor-repeater-item-none elementor-repeater-item-none_hover\" data-id=\"4aa46c6\" data-element_type=\"section\" data-settings=\"{&quot;background_background&quot;:&quot;classic&quot;}\">\n\t\t\t\t\t\t<div class=\"elementor-container elementor-column-gap-default\">\n\t\t\t\t\t<div class=\"elementor-column elementor-col-100 elementor-top-column elementor-element elementor-element-04a511a elementor-repeater-item-none elementor-repeater-item-none_hover\" data-id=\"04a511a\" data-element_type=\"column\">\n\t\t\t<div class=\"elementor-widget-wrap elementor-element-populated\">\n\t\t\t\t\t\t<div class=\"elementor-element elementor-element-ea7eab4 elementor-repeater-item-none elementor-repeater-item-none_hover elementor-widget elementor-widget-heading\" data-id=\"ea7eab4\" data-element_type=\"widget\" data-widget_type=\"heading.default\">\n\t\t\t\t<div class=\"elementor-widget-container\">\n\t\t\t\t\t<h2 class=\"elementor-heading-title elementor-size-default\">Questions fr\u00e9quemment demand\u00e9es<\/h2>\t\t\t\t<\/div>\n\t\t\t\t<\/div>\n\t\t\t\t\t<\/div>\n\t\t<\/div>\n\t\t\t\t\t<\/div>\n\t\t<\/section>\n\t\t\t\t<section class=\"elementor-section elementor-top-section elementor-element elementor-element-748826b elementor-section-boxed ang-section-padding-initial elementor-section-height-default elementor-section-height-default elementor-repeater-item-none elementor-repeater-item-none_hover\" data-id=\"748826b\" data-element_type=\"section\">\n\t\t\t\t\t\t<div class=\"elementor-container elementor-column-gap-default\">\n\t\t\t\t\t<div class=\"elementor-column elementor-col-100 elementor-top-column elementor-element elementor-element-5498d15 elementor-repeater-item-none elementor-repeater-item-none_hover\" data-id=\"5498d15\" data-element_type=\"column\">\n\t\t\t<div class=\"elementor-widget-wrap elementor-element-populated\">\n\t\t\t\t\t\t<div class=\"elementor-element elementor-element-9b1f4e3 elementor-repeater-item-none elementor-repeater-item-none_hover elementor-widget elementor-widget-toggle\" data-id=\"9b1f4e3\" data-element_type=\"widget\" data-widget_type=\"toggle.default\">\n\t\t\t\t<div class=\"elementor-widget-container\">\n\t\t\t\t\t\t\t<div class=\"elementor-toggle\">\n\t\t\t\t\t\t\t<div class=\"elementor-toggle-item\">\n\t\t\t\t\t<div id=\"elementor-tab-title-1621\" class=\"elementor-tab-title\" data-tab=\"1\" role=\"button\" aria-controls=\"elementor-tab-content-1621\" aria-expanded=\"false\">\n\t\t\t\t\t\t\t\t\t\t\t\t<span class=\"elementor-toggle-icon elementor-toggle-icon-left\" aria-hidden=\"true\">\n\t\t\t\t\t\t\t\t\t\t\t\t\t\t\t<span class=\"elementor-toggle-icon-closed\"><i class=\"fas fa-caret-right\"><\/i><\/span>\n\t\t\t\t\t\t\t\t<span class=\"elementor-toggle-icon-opened\"><i class=\"elementor-toggle-icon-opened fas fa-caret-up\"><\/i><\/span>\n\t\t\t\t\t\t\t\t\t\t\t\t\t<\/span>\n\t\t\t\t\t\t\t\t\t\t\t\t<a class=\"elementor-toggle-title\" tabindex=\"0\">Que faire au Riviera boutique h\u00f4tel?<\/a>\n\t\t\t\t\t<\/div>\n\n\t\t\t\t\t<div id=\"elementor-tab-content-1621\" class=\"elementor-tab-content elementor-clearfix\" data-tab=\"1\" role=\"region\" aria-labelledby=\"elementor-tab-title-1621\"><p>Riviera Beach Hotel offre les activit\u00e9s \/ services suivants (des frais peuvent s&rsquo;appliquer):<\/p><ul><li>En bord de mer<\/li><li>Plage<\/li><li>Espace de plage priv\u00e9e<\/li><\/ul><\/div>\n\t\t\t\t<\/div>\n\t\t\t\t\t\t\t<div class=\"elementor-toggle-item\">\n\t\t\t\t\t<div id=\"elementor-tab-title-1622\" class=\"elementor-tab-title\" data-tab=\"2\" role=\"button\" aria-controls=\"elementor-tab-content-1622\" aria-expanded=\"false\">\n\t\t\t\t\t\t\t\t\t\t\t\t<span class=\"elementor-toggle-icon elementor-toggle-icon-left\" aria-hidden=\"true\">\n\t\t\t\t\t\t\t\t\t\t\t\t\t\t\t<span class=\"elementor-toggle-icon-closed\"><i class=\"fas fa-caret-right\"><\/i><\/span>\n\t\t\t\t\t\t\t\t<span class=\"elementor-toggle-icon-opened\"><i class=\"elementor-toggle-icon-opened fas fa-caret-up\"><\/i><\/span>\n\t\t\t\t\t\t\t\t\t\t\t\t\t<\/span>\n\t\t\t\t\t\t\t\t\t\t\t\t<a class=\"elementor-toggle-title\" tabindex=\"0\">Quels sont les horaires d'arriv\u00e9e et de d\u00e9part \u00e0 Riviera boutique h\u00f4tel?<\/a>\n\t\t\t\t\t<\/div>\n\n\t\t\t\t\t<div id=\"elementor-tab-content-1622\" class=\"elementor-tab-content elementor-clearfix\" data-tab=\"2\" role=\"region\" aria-labelledby=\"elementor-tab-title-1622\"><div id=\"content-2\" class=\"bui-accordion__content\" data-lp-ga-click=\"city-faq-block:click-answer\"><p>L\u2019arriv\u00e9e \u00e0 Riviera Beach Hotel se fait \u00e0 partir de 12:00 et le d\u00e9part jusqu\u2019\u00e0 10:00.<\/p><\/div><\/div>\n\t\t\t\t<\/div>\n\t\t\t\t\t\t\t<div class=\"elementor-toggle-item\">\n\t\t\t\t\t<div id=\"elementor-tab-title-1623\" class=\"elementor-tab-title\" data-tab=\"3\" role=\"button\" aria-controls=\"elementor-tab-content-1623\" aria-expanded=\"false\">\n\t\t\t\t\t\t\t\t\t\t\t\t<span class=\"elementor-toggle-icon elementor-toggle-icon-left\" aria-hidden=\"true\">\n\t\t\t\t\t\t\t\t\t\t\t\t\t\t\t<span class=\"elementor-toggle-icon-closed\"><i class=\"fas fa-caret-right\"><\/i><\/span>\n\t\t\t\t\t\t\t\t<span class=\"elementor-toggle-icon-opened\"><i class=\"elementor-toggle-icon-opened fas fa-caret-up\"><\/i><\/span>\n\t\t\t\t\t\t\t\t\t\t\t\t\t<\/span>\n\t\t\t\t\t\t\t\t\t\t\t\t<a class=\"elementor-toggle-title\" tabindex=\"0\">Comment puis-je me rendre \u00e0 Riviera boutique h\u00f4tel depuis l\u2019a\u00e9roport le plus proche?<\/a>\n\t\t\t\t\t<\/div>\n\n\t\t\t\t\t<div id=\"elementor-tab-content-1623\" class=\"elementor-tab-content elementor-clearfix\" data-tab=\"3\" role=\"region\" aria-labelledby=\"elementor-tab-title-1623\"><div id=\"content-2\" class=\"bui-accordion__content\" data-lp-ga-click=\"city-faq-block:click-answer\"><div><p>Depuis l&rsquo;a\u00e9roport le plus proche, vous pouvez vous rendre au Riviera Beach Hotel par :<\/p><ul><li>Navette a\u00e9roport (organis\u00e9e par l&rsquo;\u00e9tablissement), 30min<\/li><\/ul><\/div><\/div><\/div>\n\t\t\t\t<\/div>\n\t\t\t\t\t\t\t<div class=\"elementor-toggle-item\">\n\t\t\t\t\t<div id=\"elementor-tab-title-1624\" class=\"elementor-tab-title\" data-tab=\"4\" role=\"button\" aria-controls=\"elementor-tab-content-1624\" aria-expanded=\"false\">\n\t\t\t\t\t\t\t\t\t\t\t\t<span class=\"elementor-toggle-icon elementor-toggle-icon-left\" aria-hidden=\"true\">\n\t\t\t\t\t\t\t\t\t\t\t\t\t\t\t<span class=\"elementor-toggle-icon-closed\"><i class=\"fas fa-caret-right\"><\/i><\/span>\n\t\t\t\t\t\t\t\t<span class=\"elementor-toggle-icon-opened\"><i class=\"elementor-toggle-icon-opened fas fa-caret-up\"><\/i><\/span>\n\t\t\t\t\t\t\t\t\t\t\t\t\t<\/span>\n\t\t\t\t\t\t\t\t\t\t\t\t<a class=\"elementor-toggle-title\" tabindex=\"0\">Quel type de chambre puis-je r\u00e9server au Riviera boutique h\u00f4tel?<\/a>\n\t\t\t\t\t<\/div>\n\n\t\t\t\t\t<div id=\"elementor-tab-content-1624\" class=\"elementor-tab-content elementor-clearfix\" data-tab=\"4\" role=\"region\" aria-labelledby=\"elementor-tab-title-1624\"><div id=\"content-2\" class=\"bui-accordion__content\" data-lp-ga-click=\"city-faq-block:click-answer\"><p>Les options de chambre du Riviera Beach Hotel comprennent:<\/p><ul><li>Chambres triples<\/li><\/ul><\/div><\/div>\n\t\t\t\t<\/div>\n\t\t\t\t\t\t\t<div class=\"elementor-toggle-item\">\n\t\t\t\t\t<div id=\"elementor-tab-title-1625\" class=\"elementor-tab-title\" data-tab=\"5\" role=\"button\" aria-controls=\"elementor-tab-content-1625\" aria-expanded=\"false\">\n\t\t\t\t\t\t\t\t\t\t\t\t<span class=\"elementor-toggle-icon elementor-toggle-icon-left\" aria-hidden=\"true\">\n\t\t\t\t\t\t\t\t\t\t\t\t\t\t\t<span class=\"elementor-toggle-icon-closed\"><i class=\"fas fa-caret-right\"><\/i><\/span>\n\t\t\t\t\t\t\t\t<span class=\"elementor-toggle-icon-opened\"><i class=\"elementor-toggle-icon-opened fas fa-caret-up\"><\/i><\/span>\n\t\t\t\t\t\t\t\t\t\t\t\t\t<\/span>\n\t\t\t\t\t\t\t\t\t\t\t\t<a class=\"elementor-toggle-title\" tabindex=\"0\">Puis-je garer une voiture \u00e0 Riviera boutique h\u00f4tel?<\/a>\n\t\t\t\t\t<\/div>\n\n\t\t\t\t\t<div id=\"elementor-tab-content-1625\" class=\"elementor-tab-content elementor-clearfix\" data-tab=\"5\" role=\"region\" aria-labelledby=\"elementor-tab-title-1625\"><div id=\"content-2\" class=\"bui-accordion__content\" data-lp-ga-click=\"city-faq-block:click-answer\"><p>Les options de stationnement suivantes sont disponibles pour les clients s\u00e9journant \u00e0 Riviera Beach Hotel (sous r\u00e9serve de disponibilit\u00e9):<\/p><ul><li>Parking<\/li><li>Parking gratuit<\/li><li>Parking priv\u00e9<\/li><li>Parking s\u00e9curis\u00e9<\/li><li>Espace de parking accessible<\/li><\/ul><\/div><\/div>\n\t\t\t\t<\/div>\n\t\t\t\t\t\t\t<div class=\"elementor-toggle-item\">\n\t\t\t\t\t<div id=\"elementor-tab-title-1626\" class=\"elementor-tab-title\" data-tab=\"6\" role=\"button\" aria-controls=\"elementor-tab-content-1626\" aria-expanded=\"false\">\n\t\t\t\t\t\t\t\t\t\t\t\t<span class=\"elementor-toggle-icon elementor-toggle-icon-left\" aria-hidden=\"true\">\n\t\t\t\t\t\t\t\t\t\t\t\t\t\t\t<span class=\"elementor-toggle-icon-closed\"><i class=\"fas fa-caret-right\"><\/i><\/span>\n\t\t\t\t\t\t\t\t<span class=\"elementor-toggle-icon-opened\"><i class=\"elementor-toggle-icon-opened fas fa-caret-up\"><\/i><\/span>\n\t\t\t\t\t\t\t\t\t\t\t\t\t<\/span>\n\t\t\t\t\t\t\t\t\t\t\t\t<a class=\"elementor-toggle-title\" tabindex=\"0\">Y a-t-il une piscine \u00e0 Riviera boutique h\u00f4tel?<\/a>\n\t\t\t\t\t<\/div>\n\n\t\t\t\t\t<div id=\"elementor-tab-content-1626\" class=\"elementor-tab-content elementor-clearfix\" data-tab=\"6\" role=\"region\" aria-labelledby=\"elementor-tab-title-1626\"><div id=\"content-6\" class=\"bui-accordion__content\" data-lp-ga-click=\"city-faq-block:click-answer\"><p>Oui, l&rsquo;h\u00f4tel dispose d&rsquo;une piscine. Vous trouverez plus de d\u00e9tails sur la piscine et les autres \u00e9quipements sur cette page.<\/p><\/div><\/div>\n\t\t\t\t<\/div>\n\t\t\t\t\t\t\t<div class=\"elementor-toggle-item\">\n\t\t\t\t\t<div id=\"elementor-tab-title-1627\" class=\"elementor-tab-title\" data-tab=\"7\" role=\"button\" aria-controls=\"elementor-tab-content-1627\" aria-expanded=\"false\">\n\t\t\t\t\t\t\t\t\t\t\t\t<span class=\"elementor-toggle-icon elementor-toggle-icon-left\" aria-hidden=\"true\">\n\t\t\t\t\t\t\t\t\t\t\t\t\t\t\t<span class=\"elementor-toggle-icon-closed\"><i class=\"fas fa-caret-right\"><\/i><\/span>\n\t\t\t\t\t\t\t\t<span class=\"elementor-toggle-icon-opened\"><i class=\"elementor-toggle-icon-opened fas fa-caret-up\"><\/i><\/span>\n\t\t\t\t\t\t\t\t\t\t\t\t\t<\/span>\n\t\t\t\t\t\t\t\t\t\t\t\t<a class=\"elementor-toggle-title\" tabindex=\"0\">Combien co\u00fbte une nuit\u00e9e \u00e0 Riviera boutique h\u00f4tel?<\/a>\n\t\t\t\t\t<\/div>\n\n\t\t\t\t\t<div id=\"elementor-tab-content-1627\" class=\"elementor-tab-content elementor-clearfix\" data-tab=\"7\" role=\"region\" aria-labelledby=\"elementor-tab-title-1627\"><div id=\"content-6\" class=\"bui-accordion__content\" data-lp-ga-click=\"city-faq-block:click-answer\"><div id=\"basiclayout\"><div id=\"right\" class=\"rlt-right\" role=\"main\"><div id=\"blockdisplay1\" class=\"hotelchars blockdisplay fbblock pretty_headers hp-consistent-vertical-rhythm\" data-tab=\"main\"><div class=\"lp-faq-hotel\" data-component=\"fragment\" data-fragment-event=\"view .lp-faq-hotel\" data-fragment-name=\"seo.faqs\" data-fragment-tmpl=\"fragment\/property_detail_faq\" data-param-dest_type=\"hotel\" data-param-dest_id=\"6337009\" data-param-accommodationtype_id=\"undef\" data-param-b_hotel_name=\"Riviera Beach Hotel\" data-param-b_companyname=\"Booking.com\" data-param-b_checkin_date=\"\" data-param-b_checkout_date=\"\"><div id=\"c-lp-faq\" class=\"lp-faq bui-spacer--largest\" data-lp-ga-view=\"city-faq-block:view\"><div class=\"lp-faq__inner bui-grid bui-grid--bleed\"><div class=\"bui-grid__column-9\"><div class=\"lp-faq__content\"><div id=\"content-7\" class=\"bui-accordion__content\" data-lp-ga-click=\"city-faq-block:click-answer\"><p>Les prix peuvent varier en fonction de votre s\u00e9jour (par exemple, les dates que vous s\u00e9lectionnez, la politique de l&rsquo;h\u00f4tel, etc.). Veuillez nous contacter pour plus d&rsquo;informations.<\/p><\/div><\/div><\/div><\/div><\/div><\/div><div class=\"hp-low_sidebar_to_content\">\u00a0<\/div><\/div><\/div><\/div><div id=\"left\" class=\"rlt-left leftsmall\" role=\"complementary\"><div class=\"bpg_holder_light_block\"><div id=\"rate_guarantee\" class=\"\">\u00a0<\/div><\/div><\/div><\/div><\/div>\n\t\t\t\t<\/div>\n\t\t\t\t\t\t\t\t<\/div>\n\t\t\t\t\t\t<\/div>\n\t\t\t\t<\/div>\n\t\t\t\t<div class=\"elementor-element elementor-element-19004e4 premium-lq__none elementor-repeater-item-none elementor-repeater-item-none_hover elementor-widget elementor-widget-premium-addon-button\" data-id=\"19004e4\" data-element_type=\"widget\" data-widget_type=\"premium-addon-button.default\">\n\t\t\t\t<div class=\"elementor-widget-container\">\n\t\t\t\t\t\n\n\t\t<a class=\"premium-button premium-button-style1 premium-btn-md premium-button-style1-bottom\" href=\"https:\/\/rivierastalis.gr\/contact\/\">\n\t\t\t<div class=\"premium-button-text-icon-wrapper\">\n\t\t\t\t\n\t\t\t\t\t\t\t\t\t<span >\n\t\t\t\t\t\tContactez-nous pour plus d\u2019informations\t\t\t\t\t<\/span>\n\t\t\t\t\t\t\t<\/div>\n\n\t\t\t\n\t\t\t\n\t\t\t\n\t\t<\/a>\n\n\n\t\t\t\t\t\t<\/div>\n\t\t\t\t<\/div>\n\t\t\t\t\t<\/div>\n\t\t<\/div>\n\t\t\t\t\t<\/div>\n\t\t<\/section>\n\t\t\t\t<\/div>\n\t\t","protected":false},"excerpt":{"rendered":"<p>Questions fr\u00e9quemment demand\u00e9es Riviera boutique h\u00f4tel Questions fr\u00e9quemment demand\u00e9es Que faire au Riviera boutique h\u00f4tel? Riviera Beach Hotel offre les activit\u00e9s \/ services suivants (des frais peuvent s&#8217;appliquer): En bord de mer Plage Espace de plage priv\u00e9e Quels sont les horaires d&rsquo;arriv\u00e9e et de d\u00e9part \u00e0 Riviera boutique h\u00f4tel? L\u2019arriv\u00e9e \u00e0 Riviera Beach Hotel se [&hellip;]<\/p>\n","protected":false},"author":2,"featured_media":0,"parent":0,"menu_order":0,"comment_status":"closed","ping_status":"closed","template":"","meta":{"footnotes":""},"class_list":["post-1281","page","type-page","status-publish","hentry"],"yoast_head":"<!-- This site is optimized with the Yoast SEO plugin v26.5 - https:\/\/yoast.com\/wordpress\/plugins\/seo\/ -->\n<title>FAQ - Riviera Boutique Hotel<\/title>\n<meta name=\"robots\" content=\"index, follow, max-snippet:-1, max-image-preview:large, max-video-preview:-1\" \/>\n<link rel=\"canonical\" href=\"https:\/\/rivierastalis.gr\/fr\/faqs\/\" \/>\n<meta property=\"og:locale\" content=\"fr_FR\" \/>\n<meta property=\"og:type\" content=\"article\" \/>\n<meta property=\"og:title\" content=\"FAQ - Riviera Boutique Hotel\" \/>\n<meta property=\"og:description\" content=\"Questions fr\u00e9quemment demand\u00e9es Riviera boutique h\u00f4tel Questions fr\u00e9quemment demand\u00e9es Que faire au Riviera boutique h\u00f4tel? Riviera Beach Hotel offre les activit\u00e9s \/ services suivants (des frais peuvent s&#8217;appliquer): En bord de mer Plage Espace de plage priv\u00e9e Quels sont les horaires d&rsquo;arriv\u00e9e et de d\u00e9part \u00e0 Riviera boutique h\u00f4tel? L\u2019arriv\u00e9e \u00e0 Riviera Beach Hotel se [&hellip;]\" \/>\n<meta property=\"og:url\" content=\"https:\/\/rivierastalis.gr\/fr\/faqs\/\" \/>\n<meta property=\"og:site_name\" content=\"Riviera Boutique Hotel\" \/>\n<meta property=\"article:modified_time\" content=\"2021-04-05T15:25:56+00:00\" \/>\n<meta name=\"twitter:card\" content=\"summary_large_image\" \/>\n<meta name=\"twitter:label1\" content=\"Dur\u00e9e de lecture estim\u00e9e\" \/>\n\t<meta name=\"twitter:data1\" content=\"1 minute\" \/>\n<script type=\"application\/ld+json\" class=\"yoast-schema-graph\">{\"@context\":\"https:\/\/schema.org\",\"@graph\":[{\"@type\":\"WebPage\",\"@id\":\"https:\/\/rivierastalis.gr\/fr\/faqs\/\",\"url\":\"https:\/\/rivierastalis.gr\/fr\/faqs\/\",\"name\":\"FAQ - Riviera Boutique Hotel\",\"isPartOf\":{\"@id\":\"https:\/\/rivierastalis.gr\/fr\/#website\"},\"datePublished\":\"2021-01-20T07:19:57+00:00\",\"dateModified\":\"2021-04-05T15:25:56+00:00\",\"breadcrumb\":{\"@id\":\"https:\/\/rivierastalis.gr\/fr\/faqs\/#breadcrumb\"},\"inLanguage\":\"fr-FR\",\"potentialAction\":[{\"@type\":\"ReadAction\",\"target\":[\"https:\/\/rivierastalis.gr\/fr\/faqs\/\"]}]},{\"@type\":\"BreadcrumbList\",\"@id\":\"https:\/\/rivierastalis.gr\/fr\/faqs\/#breadcrumb\",\"itemListElement\":[{\"@type\":\"ListItem\",\"position\":1,\"name\":\"Home\",\"item\":\"https:\/\/rivierastalis.gr\/fr\/\"},{\"@type\":\"ListItem\",\"position\":2,\"name\":\"FAQ\"}]},{\"@type\":\"WebSite\",\"@id\":\"https:\/\/rivierastalis.gr\/fr\/#website\",\"url\":\"https:\/\/rivierastalis.gr\/fr\/\",\"name\":\"Riviera Boutique Hotel\",\"description\":\"Accomodation - Stalis, Crete, Greece\",\"publisher\":{\"@id\":\"https:\/\/rivierastalis.gr\/fr\/#organization\"},\"potentialAction\":[{\"@type\":\"SearchAction\",\"target\":{\"@type\":\"EntryPoint\",\"urlTemplate\":\"https:\/\/rivierastalis.gr\/fr\/?s={search_term_string}\"},\"query-input\":{\"@type\":\"PropertyValueSpecification\",\"valueRequired\":true,\"valueName\":\"search_term_string\"}}],\"inLanguage\":\"fr-FR\"},{\"@type\":\"Organization\",\"@id\":\"https:\/\/rivierastalis.gr\/fr\/#organization\",\"name\":\"Riviera Boutique Hotel\",\"url\":\"https:\/\/rivierastalis.gr\/fr\/\",\"logo\":{\"@type\":\"ImageObject\",\"inLanguage\":\"fr-FR\",\"@id\":\"https:\/\/rivierastalis.gr\/fr\/#\/schema\/logo\/image\/\",\"url\":\"https:\/\/rivierastalis.gr\/wp-content\/uploads\/2021\/01\/riviera_boutique_logo.png\",\"contentUrl\":\"https:\/\/rivierastalis.gr\/wp-content\/uploads\/2021\/01\/riviera_boutique_logo.png\",\"width\":600,\"height\":101,\"caption\":\"Riviera Boutique Hotel\"},\"image\":{\"@id\":\"https:\/\/rivierastalis.gr\/fr\/#\/schema\/logo\/image\/\"}}]}<\/script>\n<!-- \/ Yoast SEO plugin. -->","yoast_head_json":{"title":"FAQ - Riviera Boutique Hotel","robots":{"index":"index","follow":"follow","max-snippet":"max-snippet:-1","max-image-preview":"max-image-preview:large","max-video-preview":"max-video-preview:-1"},"canonical":"https:\/\/rivierastalis.gr\/fr\/faqs\/","og_locale":"fr_FR","og_type":"article","og_title":"FAQ - Riviera Boutique Hotel","og_description":"Questions fr\u00e9quemment demand\u00e9es Riviera boutique h\u00f4tel Questions fr\u00e9quemment demand\u00e9es Que faire au Riviera boutique h\u00f4tel? Riviera Beach Hotel offre les activit\u00e9s \/ services suivants (des frais peuvent s&#8217;appliquer): En bord de mer Plage Espace de plage priv\u00e9e Quels sont les horaires d&rsquo;arriv\u00e9e et de d\u00e9part \u00e0 Riviera boutique h\u00f4tel? L\u2019arriv\u00e9e \u00e0 Riviera Beach Hotel se [&hellip;]","og_url":"https:\/\/rivierastalis.gr\/fr\/faqs\/","og_site_name":"Riviera Boutique Hotel","article_modified_time":"2021-04-05T15:25:56+00:00","twitter_card":"summary_large_image","twitter_misc":{"Dur\u00e9e de lecture estim\u00e9e":"1 minute"},"schema":{"@context":"https:\/\/schema.org","@graph":[{"@type":"WebPage","@id":"https:\/\/rivierastalis.gr\/fr\/faqs\/","url":"https:\/\/rivierastalis.gr\/fr\/faqs\/","name":"FAQ - Riviera Boutique Hotel","isPartOf":{"@id":"https:\/\/rivierastalis.gr\/fr\/#website"},"datePublished":"2021-01-20T07:19:57+00:00","dateModified":"2021-04-05T15:25:56+00:00","breadcrumb":{"@id":"https:\/\/rivierastalis.gr\/fr\/faqs\/#breadcrumb"},"inLanguage":"fr-FR","potentialAction":[{"@type":"ReadAction","target":["https:\/\/rivierastalis.gr\/fr\/faqs\/"]}]},{"@type":"BreadcrumbList","@id":"https:\/\/rivierastalis.gr\/fr\/faqs\/#breadcrumb","itemListElement":[{"@type":"ListItem","position":1,"name":"Home","item":"https:\/\/rivierastalis.gr\/fr\/"},{"@type":"ListItem","position":2,"name":"FAQ"}]},{"@type":"WebSite","@id":"https:\/\/rivierastalis.gr\/fr\/#website","url":"https:\/\/rivierastalis.gr\/fr\/","name":"Riviera Boutique Hotel","description":"Accomodation - Stalis, Crete, Greece","publisher":{"@id":"https:\/\/rivierastalis.gr\/fr\/#organization"},"potentialAction":[{"@type":"SearchAction","target":{"@type":"EntryPoint","urlTemplate":"https:\/\/rivierastalis.gr\/fr\/?s={search_term_string}"},"query-input":{"@type":"PropertyValueSpecification","valueRequired":true,"valueName":"search_term_string"}}],"inLanguage":"fr-FR"},{"@type":"Organization","@id":"https:\/\/rivierastalis.gr\/fr\/#organization","name":"Riviera Boutique Hotel","url":"https:\/\/rivierastalis.gr\/fr\/","logo":{"@type":"ImageObject","inLanguage":"fr-FR","@id":"https:\/\/rivierastalis.gr\/fr\/#\/schema\/logo\/image\/","url":"https:\/\/rivierastalis.gr\/wp-content\/uploads\/2021\/01\/riviera_boutique_logo.png","contentUrl":"https:\/\/rivierastalis.gr\/wp-content\/uploads\/2021\/01\/riviera_boutique_logo.png","width":600,"height":101,"caption":"Riviera Boutique Hotel"},"image":{"@id":"https:\/\/rivierastalis.gr\/fr\/#\/schema\/logo\/image\/"}}]}},"_links":{"self":[{"href":"https:\/\/rivierastalis.gr\/fr\/wp-json\/wp\/v2\/pages\/1281","targetHints":{"allow":["GET"]}}],"collection":[{"href":"https:\/\/rivierastalis.gr\/fr\/wp-json\/wp\/v2\/pages"}],"about":[{"href":"https:\/\/rivierastalis.gr\/fr\/wp-json\/wp\/v2\/types\/page"}],"author":[{"embeddable":true,"href":"https:\/\/rivierastalis.gr\/fr\/wp-json\/wp\/v2\/users\/2"}],"replies":[{"embeddable":true,"href":"https:\/\/rivierastalis.gr\/fr\/wp-json\/wp\/v2\/comments?post=1281"}],"version-history":[{"count":16,"href":"https:\/\/rivierastalis.gr\/fr\/wp-json\/wp\/v2\/pages\/1281\/revisions"}],"predecessor-version":[{"id":1299,"href":"https:\/\/rivierastalis.gr\/fr\/wp-json\/wp\/v2\/pages\/1281\/revisions\/1299"}],"wp:attachment":[{"href":"https:\/\/rivierastalis.gr\/fr\/wp-json\/wp\/v2\/media?parent=1281"}],"curies":[{"name":"wp","href":"https:\/\/api.w.org\/{rel}","templated":true}]}}